{"id":2799,"date":"2023-12-18T19:17:45","date_gmt":"2023-12-18T18:17:45","guid":{"rendered":"https:\/\/tumasmuntane.com\/diseno-web-terrassa\/"},"modified":"2023-12-18T20:37:19","modified_gmt":"2023-12-18T19:37:19","slug":"disseny-web-terrassa","status":"publish","type":"page","link":"https:\/\/tumasmuntane.com\/ca\/disseny-web-terrassa\/","title":{"rendered":"Disseny web a Terrassa"},"content":{"rendered":"\n<h2 class=\"wp-block-heading has-text-align-center\">Serveis WordPress de Terrassa<\/h2>\n\n\n\n\n\n\t\n\t<div class=\"tms-block-cards grid-2 design-flip\">\n\n\t\t\n\t\t\t\n\t\t\t<div class=\"card\">\n\n\t\t\t\t\t\t\t\t\t<svg  class=\"svg-icon card__icon\"><use href=\"https:\/\/tumasmuntane.com\/wp-content\/themes\/twentytwenty-child\/images\/icons.svg#tools\"\/><\/svg>\t\t\t\t\n\t\t\t\t\t\t\t\t\t<h3 class=\"card__title\">\n\t\t\t\t\t\tManteniment WordPress\t\t\t\t\t\t\t\t\t\t\t\t\t<small>Tu ets expert en el teu negoci, jo ho s\u00f3c en el teu WordPress<\/small>\n\t\t\t\t\t\t\t\t\t\t\t<\/h3>\n\t\t\t\t\n\t\t\t\t\t\t\t\t\t<p class=\"card__content\">Et proporciono el manteniment professional, r\u00e0pid i econ\u00f2mic que requereix el teu lloc web WordPress. La teva web permanentment actualitzada, protegida i monitoritzada, mentre tu et concentres en qu\u00e8 la teva feina resulti productiva i gaudeixes del teu temps lliure. Ser\u00e9 el primer a assabentar-me de qualsevol alerta i li posar\u00e9 soluci\u00f3 abans que suposi un problema per al funcionament de la teva web.<\/p>\n\t\t\t\t\n\t\t\t\t\t\t\t\t\t<a class=\"card__link\" href=\"https:\/\/mantenimientowpro.es\/ca\/manteniment-wordpress-professional\/\"><\/a>\n\t\t\t\t\n\t\t\t<\/div>\n\n\t\t\n\t\t\t\n\t\t\t<div class=\"card\">\n\n\t\t\t\t\t\t\t\t\t<svg  class=\"svg-icon card__icon\"><use href=\"https:\/\/tumasmuntane.com\/wp-content\/themes\/twentytwenty-child\/images\/icons.svg#wordpress\"\/><\/svg>\t\t\t\t\n\t\t\t\t\t\t\t\t\t<h3 class=\"card__title\">\n\t\t\t\t\t\t<span class=\"wordxpress\"><span>Word<\/span>XPress<\/span>\t\t\t\t\t\t\t\t\t\t\t\t\t<small>El teu nou lloc WordPress en 48 hores!<\/small>\n\t\t\t\t\t\t\t\t\t\t\t<\/h3>\n\t\t\t\t\n\t\t\t\t\t\t\t\t\t<p class=\"card__content\">He creat per a tu plantilles amb les caracter\u00edstiques m\u00e9s usades en p\u00e0gines reals. Troba la plantilla que s&#8217;ajusta millor al teu projecte i la personalitzo implementant la teva imatge de marca. Segueix les indicacions que et donar\u00e9 i en nom\u00e9s dos dies tindrem la teva nova p\u00e0gina web per impulsar el teu negoci. Amb tots els avantatges de WordPress per gestionar els continguts pel teu compte.<\/p>\n\t\t\t\t\n\t\t\t\t\t\t\t\t\t<a class=\"card__link\" href=\"https:\/\/tumasmuntane.com\/ca\/wordxpress-la-teva-web-wordpress-en-48-hores\/\"><\/a>\n\t\t\t\t\n\t\t\t<\/div>\n\n\t\t\n\t\t\t\n\t\t\t<div class=\"card\">\n\n\t\t\t\t\t\t\t\t\t<svg  class=\"svg-icon card__icon\"><use href=\"https:\/\/tumasmuntane.com\/wp-content\/themes\/twentytwenty-child\/images\/icons.svg#palette\"\/><\/svg>\t\t\t\t\n\t\t\t\t\t\t\t\t\t<h3 class=\"card__title\">\n\t\t\t\t\t\tEl Teu Disseny a Mida\t\t\t\t\t\t\t\t\t\t\t\t\t<small>Desmarca&#8217;t amb un web constru\u00eft a la teva mida<\/small>\n\t\t\t\t\t\t\t\t\t\t\t<\/h3>\n\t\t\t\t\n\t\t\t\t\t\t\t\t\t<p class=\"card__content\">Si penses en gran quan es tracta de la teva empresa i tens molt clar els objectius que vols aconseguir amb la teva p\u00e0gina web, aix\u00f2 \u00e9s per a tu. Per qu\u00e8 has d&#8217;adaptar el teu lloc web a una de les moltes plantilles que t\u00e9 WordPress, quan puc construir-la des de zero en exclusiva per a les necessitats de la teva empresa? Tots els avantatges de WordPress units a la distinci\u00f3 que atorga un lloc web a mida.<\/p>\n\t\t\t\t\n\t\t\t\t\t\t\t\t\t<a class=\"card__link\" href=\"https:\/\/tumasmuntane.com\/ca\/contacte\/\"><\/a>\n\t\t\t\t\n\t\t\t<\/div>\n\n\t\t\n\t\t\t\n\t\t\t<div class=\"card\">\n\n\t\t\t\t\t\t\t\t\t<svg  class=\"svg-icon card__icon\"><use href=\"https:\/\/tumasmuntane.com\/wp-content\/themes\/twentytwenty-child\/images\/icons.svg#plugin\"\/><\/svg>\t\t\t\t\n\t\t\t\t\t\t\t\t\t<h3 class=\"card__title\">\n\t\t\t\t\t\tFuncionalitats WordPress\t\t\t\t\t\t\t\t\t\t\t\t\t<small>Els extres que li donen vida a la teva p\u00e0gina web<\/small>\n\t\t\t\t\t\t\t\t\t\t\t<\/h3>\n\t\t\t\t\n\t\t\t\t\t\t\t\t\t<p class=\"card__content\">Aquesta proposta \u00e9s per a tu si tens ja una p\u00e0gina web amb WordPress i vols afegir funcionalitats extres. Desenvolupament per a tu nous tipus de continguts i noves caracter\u00edstiques per les teves publicacions, la teva p\u00e0gina web lluir\u00e0 com mai. Et recomano tamb\u00e9 els paquets de plugins que faig servir en la meva pr\u00f2pia p\u00e0gina web per a Seguretat, Velocitat i Posicionament SEO.<\/p>\n\t\t\t\t\n\t\t\t\t\t\t\t\t\t<a class=\"card__link\" href=\"https:\/\/tumasmuntane.com\/ca\/contacte\/\"><\/a>\n\t\t\t\t\n\t\t\t<\/div>\n\n\t\t\n\t<\/div>\n\n\n\n\n<div class=\"wp-block-group alignfull has-subtle-background-background-color has-background\"><div class=\"wp-block-group__inner-container is-layout-flow wp-block-group-is-layout-flow\">\n<h2 class=\"wp-block-heading has-text-align-center no-margin-bottom\">Auditoria WordPress Gratu\u00efta<\/h2>\n\n\n\n<p class=\"has-text-align-center\">T&#8217;ofereixo una auditoria web de forma totalment gratu\u00efta, sense lletra petita.<\/p>\n\n\n\n<div class=\"wp-block-buttons is-content-justification-center is-layout-flex wp-container-core-buttons-is-layout-16018d1d wp-block-buttons-is-layout-flex\">\n<div class=\"wp-block-button\"><a class=\"wp-block-button__link has-primary-background-color has-background wp-element-button\" href=\"https:\/\/tumasmuntane.com\/ca\/auditoria-wordpress-gratuita\/\">Audita la meva web!<\/a><\/div>\n<\/div>\n<\/div><\/div>\n\n\n\n<h2 class=\"wp-block-heading has-text-align-center\">Millores i optimitzacions WordPress a Terrassa<\/h2>\n\n\n\n<div class=\"wp-block-group max-width-medium\"><div class=\"wp-block-group__inner-container is-layout-constrained wp-block-group-is-layout-constrained\">\n<h2 class=\"wp-block-heading has-text-align-center\">Disseny web a Terrassa<\/h2>\n\n\n\n<p class=\"has-text-align-center\">S\u00f3c en Tum\u00e0s i treballar\u00e9 amb tu en el <strong><a href=\"https:\/\/tumasmuntane.com\/ca\/\">disseny i el desenvolupament web<\/a> a Terrassa<\/strong>.<\/p>\n\n\n\n<h3 class=\"wp-block-heading has-text-align-center\">Creaci\u00f3 de llocs web a Terrassa<\/h3>\n\n\n\n<p class=\"has-text-align-center\">Especialitzat en el <strong>disseny web a Terrassa<\/strong>. Treballo en el teu projecte de creaci\u00f3 de llocs web amb WordPress o manteniment de la teva p\u00e0gina actual per convertir-la en un lloc web visual d&#8217;impacte.<\/p>\n\n\n\n<p class=\"has-text-align-center\">Fare una <strong>p\u00e0gina web<\/strong> que ofereixi als teus clients una navegaci\u00f3 intu\u00eftiva i atractiva que aconsegueixi transmetre el teu producte o servei a la perfecci\u00f3.<\/p>\n\n\n\n<p class=\"has-text-align-center\">Aconsegueix una web que reflecteixi <strong>els valors de la teva empresa<\/strong> i faci que augmentis la conversi\u00f3.<\/p>\n\n\n\n<h3 class=\"wp-block-heading has-text-align-center\">La teva empresa digitalitzada i preparada per al futur<\/h3>\n\n\n\n<p class=\"has-text-align-center\">Augmenta la teva audi\u00e8ncia amb un <strong>disseny web a Terrassa<\/strong> que impacti i impressions per atraure les visites.<\/p>\n\n\n\n<p class=\"has-text-align-center\">Treballo en projectes a la <strong>ciutat de Terrassa<\/strong> per crear p\u00e0gines funcionals i f\u00e0cils de <a href=\"https:\/\/mantenimientowpro.es\/ca\/manteniment-wordpress-professional\/\" data-type=\"page\" data-id=\"7\">mantenir amb WordPress<\/a>.<\/p>\n\n\n\n<p class=\"has-text-align-center\">Gaudeix d&#8217;un lloc web que carrega r\u00e0pid, amb <strong>navegaci\u00f3 intu\u00eftiva<\/strong> i orientat a SEO On Page. Ofereix una experi\u00e8ncia d&#8217;usabilitat perfecta als clients.<\/p>\n\n\n\n<div class=\"wp-block-group alignfull has-subtle-background-background-color has-background\"><div class=\"wp-block-group__inner-container is-layout-flow wp-block-group-is-layout-flow\">\n<h3 class=\"wp-block-heading has-text-align-center no-margin-bottom\">Contacta ara!<\/h3>\n\n\n\n<p class=\"has-text-align-center\">Si tens una empresa a Terrassa i busques una p\u00e0gina web potent\u2026<\/p>\n\n\n\n<div class=\"wp-block-buttons is-content-justification-center is-layout-flex wp-container-core-buttons-is-layout-16018d1d wp-block-buttons-is-layout-flex\">\n<div class=\"wp-block-button\"><a class=\"wp-block-button__link has-primary-background-color has-background wp-element-button\" href=\"https:\/\/tumasmuntane.com\/ca\/contacte\/\">Escriu-me!<\/a><\/div>\n<\/div>\n<\/div><\/div>\n\n\n\n<h2 class=\"wp-block-heading has-text-align-center\">Desenvolupament WordPress a Terrassa<\/h2>\n\n\n\n<p class=\"has-text-align-center\">Si necessites un lloc web personalitzat que sigui f\u00e0cil de gestionar per a la teva empresa, t&#8217;ajudo.<\/p>\n\n\n\n<p class=\"has-text-align-center\">Estic especialitzat en el desenvolupament de <strong>llocs web amb WordPress a Terrassa<\/strong>, assegurant funcionalitat i un disseny atractiu.<\/p>\n\n\n\n<p class=\"has-text-align-center\">Ofereixo serveis de <strong>manteniment a WordPress<\/strong>, implementaci\u00f3 de mesures de seguretat i la possibilitat de tenir un lloc multiidioma per a la teva empresa.<\/p>\n\n\n\n<p class=\"has-text-align-center\">Ja necessitis un <strong>lloc web<\/strong> per a comer\u00e7 electr\u00f2nic, un bloc corporatiu, e-learning o altres necessitats per a la teva empresa, s\u00f3c aqu\u00ed per contribuir al creixement de la teva empresa.<\/p>\n\n\n\n<p class=\"has-text-align-center\">El meu enfocament se centra en crear experi\u00e8ncies visuals atractives i funcionals.<\/p>\n\n\n\n<p class=\"has-text-align-center\">Posa&#8217;t en contacte amb mi per parlar del teu projecte i comen\u00e7ar quan vulguis.<\/p>\n\n\n\n<p class=\"has-text-align-center\">T&#8217;explicar\u00e9 el meu m\u00e8tode de treball perqu\u00e8 <strong>aconsegueixis un lloc web efectiu i atractiu<\/strong> pels teus clients.<\/p>\n\n\n\n<p class=\"has-text-align-center\">Un sistema de <strong>disseny web a Terrassa<\/strong> que asseguraran resultats per a la teva empresa.<\/p>\n<\/div><\/div>\n\n\n\n<hr class=\"wp-block-separator has-css-opacity max-width-medium\"\/>\n\n\n\n<h2 class=\"wp-block-heading has-text-align-center\">Clients Satisfets<\/h2>\n\n\n\n<div class=\"wp-block-group testimonials\"><div class=\"wp-block-group__inner-container is-layout-flow wp-block-group-is-layout-flow\"><div class=\"testimonials-slider\"><div class=\"testimonials-slider-wrapper\"><div class=\"testimonial\"><div class=\"testimonial-image\"><img decoding=\"async\" width=\"160\" height=\"160\" src=\"https:\/\/tumasmuntane.com\/wp-content\/uploads\/2019\/05\/efrem-naharro.jpg\" class=\"attachment-post-thumbnail size-post-thumbnail wp-post-image\" alt=\"Efrem Naharro\" \/><\/div><blockquote><p>Teniem un projecte amb uns terminis i un volum i complexitat de feina importants. Gr\u00e0cies a la col\u00b7laboraci\u00f3 d'en Tum\u00e0s el projecte es va poder executar \u00edntegrament i amb normalitat dins dels terminis previstos, recollint totes les modificacions indicades pel client durant el seu desenvolupament. De la seva notable aportaci\u00f3 en aquest projecte destacaria el seus coneixements, la comprensi\u00f3 del que es demana i la capacitat d'executar-ho amb noves eines, assolint un aprenentatge immediat.<\/p><cite><svg  class=\"svg-icon\"><use href=\"https:\/\/tumasmuntane.com\/wp-content\/themes\/twentytwenty-child\/images\/icons.svg#testimonial\"\/><\/svg><div class=\"testimonial-author\"><p class=\"testimonial-name\">Efrem Naharro<\/p><p class=\"testimonial-position-company\"><span class=\"testimonial-position\">Gestor de projectes<\/span> \/\/ <span class=\"testimonial-company\">Feedback Marketing Re-Productions<\/span><\/p><\/div><\/cite><\/blockquote><\/div><div class=\"testimonial\"><div class=\"testimonial-image\"><img decoding=\"async\" width=\"160\" height=\"160\" src=\"https:\/\/tumasmuntane.com\/wp-content\/uploads\/2020\/09\/joan-bonastre.jpg\" class=\"attachment-post-thumbnail size-post-thumbnail wp-post-image\" alt=\"Joan Bonastre\" \/><\/div><blockquote><p>Gr\u00e0cies Tum\u00e0s per la teva gesti\u00f3 i ajuda en la creaci\u00f3 del nostre web.\r\nUn gust treballar amb tu, per la teva r\u00e0pida comprensi\u00f3 dels conceptes que t'he expressat, per la teva rapidesa i dedicaci\u00f3. Et recomanar\u00e9 als meus contactes.<\/p><cite><svg  class=\"svg-icon\"><use href=\"https:\/\/tumasmuntane.com\/wp-content\/themes\/twentytwenty-child\/images\/icons.svg#testimonial\"\/><\/svg><div class=\"testimonial-author\"><p class=\"testimonial-name\">Joan Anton Bonastre<\/p><p class=\"testimonial-position-company\"><span class=\"testimonial-position\">Director<\/span> \/\/ <span class=\"testimonial-company\">In Terra Salud SL<\/span><\/p><\/div><\/cite><\/blockquote><\/div><div class=\"testimonial\"><div class=\"testimonial-image\"><img decoding=\"async\" width=\"160\" height=\"160\" src=\"https:\/\/tumasmuntane.com\/wp-content\/uploads\/2020\/10\/francesc-pons.jpg\" class=\"attachment-post-thumbnail size-post-thumbnail wp-post-image\" alt=\"Francesc Pons\" \/><\/div><blockquote><p>Amb en Tum\u00e0s vaig trobar al desenvolupador web que em solucion\u00e9s els problemes de manera f\u00e0cil i r\u00e0pida, i aix\u00f2 em va permetre fer front a projectes que fins aquell moment no m'havia estat possible. Per sobre de tot valoro la seva inquietud en que el projecte sort\u00eds b\u00e9. Voler arribar m\u00e9s enll\u00e0 del que en el projecte es demanava inicialment. Estic content d'haver-lo trobat i espero poder treballar m\u00e9s cops junts en un futur. El recomanaria a qualsevol empresa que necessiti un desenvolupador web resolutiu i professional.<\/p><cite><svg  class=\"svg-icon\"><use href=\"https:\/\/tumasmuntane.com\/wp-content\/themes\/twentytwenty-child\/images\/icons.svg#testimonial\"\/><\/svg><div class=\"testimonial-author\"><p class=\"testimonial-name\">Francesc Pons<\/p><p class=\"testimonial-position-company\"><span class=\"testimonial-position\">Dissenyador gr\u00e0fic<\/span> \/\/ <span class=\"testimonial-company\">La mar de gr\u00e0fic<\/span><\/p><\/div><\/cite><\/blockquote><\/div><div class=\"testimonial\"><div class=\"testimonial-image\"><img decoding=\"async\" width=\"160\" height=\"160\" src=\"https:\/\/tumasmuntane.com\/wp-content\/uploads\/2019\/05\/laura-dels-estels.jpg\" class=\"attachment-post-thumbnail size-post-thumbnail wp-post-image\" alt=\"Laura dels Estels\" \/><\/div><blockquote><p>Nom\u00e9s tinc paraules de gratitud pel treball d'en Tum\u00e0s amb la nostra p\u00e0gina web. Molta gent m'ha comentat sobre la bona experi\u00e8ncia que resulta de visitar la p\u00e0gina pel f\u00e0cil que \u00e9s trobar la informaci\u00f3 que es busca. Tamb\u00e9 el seu aspecte est\u00e8tic, cuidat fins al m\u00ednim detall, reflecteix fidelment l'energia positiva que volem transmetre al nostre projecte. Vull destacar els seus consells respecte a l'estructura de continguts, que han estat de gran ajuda a l'hora d'establir prioritats en la nostra comunicaci\u00f3 amb els visitants del web. Recomano a en Tum\u00e0s per la seva serietat i comprom\u00eds amb la feina, pel seu coneixement del sector i per tenir com a meta la perfecci\u00f3 m\u00e9s gran t\u00e8cnica possible.<\/p><cite><svg  class=\"svg-icon\"><use href=\"https:\/\/tumasmuntane.com\/wp-content\/themes\/twentytwenty-child\/images\/icons.svg#testimonial\"\/><\/svg><div class=\"testimonial-author\"><p class=\"testimonial-name\">Laura Dels Estels<\/p><p class=\"testimonial-position-company\"><span class=\"testimonial-position\">Instructora de Dan\u00e7a i Presidenta<\/span> \/\/ <span class=\"testimonial-company\">Dance Pasifika<\/span><\/p><\/div><\/cite><\/blockquote><\/div><div class=\"testimonial\"><div class=\"testimonial-image\"><img decoding=\"async\" width=\"160\" height=\"160\" src=\"https:\/\/tumasmuntane.com\/wp-content\/uploads\/2019\/08\/guillem-iglesias.jpg\" class=\"attachment-post-thumbnail size-post-thumbnail wp-post-image\" alt=\"Guillem Iglesias\" \/><\/div><blockquote><p>La nostra web no funcionava correctament, amb temps d'espera desmesurats i unes funcionalitats que no s'adaptaven a les nostres necessitats. En Tum\u00e0s ens ha ajudat a solucionar aquests problemes desenvolupant una web amb un disseny i unes funcionalitats a mida. El resultat ha estat un augment immediat de les visites i les consultes a trav\u00e9s de la web. M'ha agradat molt la facilitat amb la qual ha compr\u00e8s all\u00f2 que necessit\u00e0vem i el recomano a qualsevol que vulgui adaptar i mantenir b\u00e9 la seva p\u00e0gina web.<\/p><cite><svg  class=\"svg-icon\"><use href=\"https:\/\/tumasmuntane.com\/wp-content\/themes\/twentytwenty-child\/images\/icons.svg#testimonial\"\/><\/svg><div class=\"testimonial-author\"><p class=\"testimonial-name\">Guillem Iglesias<\/p><p class=\"testimonial-position-company\"><span class=\"testimonial-position\">Director<\/span> \/\/ <span class=\"testimonial-company\">Fundaci\u00f3 Institut d&#039;Estudis Nord americans<\/span><\/p><\/div><\/cite><\/blockquote><\/div><\/div><div class=\"testimonials-slider-navigation\"><div class=\"testimonials-slider-arrow testimonials-slider-arrow-left\"><svg  class=\"svg-icon\"><use href=\"https:\/\/tumasmuntane.com\/wp-content\/themes\/twentytwenty-child\/images\/icons.svg#chevron-left\"\/><\/svg><\/div><ol class=\"testimonials-slider-pagination\"><\/ol><div class=\"testimonials-slider-arrow testimonials-slider-arrow-right\"><svg  class=\"svg-icon\"><use href=\"https:\/\/tumasmuntane.com\/wp-content\/themes\/twentytwenty-child\/images\/icons.svg#chevron-right\"\/><\/svg><\/div><\/div><\/div>\n<\/div><\/div>\n\n\n\n<div class=\"wp-block-group alignfull contact has-primary-background-color has-background\"><div class=\"wp-block-group__inner-container is-layout-flow wp-block-group-is-layout-flow\">\n<h2 class=\"wp-block-heading has-text-align-center\">No ho dubtis i envia&#8217;m un missatge<\/h2>\n\n\n\n<p class=\"has-text-align-center\">Estar\u00e9 encantat d\u2019asessorar-te i d\u2019oferir-te el servei que m\u00e9s s&#8217;ajusti a les necessitats del teu negoci.<\/p>\n\n\n\n<div class=\"wp-block-buttons is-horizontal is-content-justification-center is-layout-flex wp-container-core-buttons-is-layout-499968f5 wp-block-buttons-is-layout-flex\">\n<div class=\"wp-block-button is-style-outline is-style-outline--2\"><a class=\"wp-block-button__link wp-element-button\" href=\"https:\/\/tumasmuntane.com\/ca\/contacte\/\">Contacta&#8217;m<\/a><\/div>\n<\/div>\n<\/div><\/div>\n","protected":false},"excerpt":{"rendered":"<p>Serveis WordPress de Terrassa Auditoria WordPress Gratu\u00efta T&#8217;ofereixo una auditoria web de forma totalment gratu\u00efta, sense lletra petita. Millores i optimitzacions WordPress a Terrassa Disseny web a Terrassa S\u00f3c en Tum\u00e0s i treballar\u00e9 amb tu en el disseny i el desenvolupament web a Terrassa. Creaci\u00f3 de llocs web a Terrassa Especialitzat en el disseny web [&hellip;]<\/p>\n","protected":false},"author":81,"featured_media":0,"parent":0,"menu_order":100,"comment_status":"closed","ping_status":"closed","template":"templates\/template-cover.php","meta":{"_acf_changed":false,"_seopress_robots_primary_cat":"","_seopress_titles_title":"","_seopress_titles_desc":"S\u00f3c en Tum\u00e0s Muntan\u00e9. Desenvolupador WordPress i especialista en disseny web a Terrassa. Audito la teva web gratu\u00eftament!","_seopress_robots_index":"","footnotes":""},"class_list":["post-2799","page","type-page","status-publish","hentry"],"acf":[],"_links":{"self":[{"href":"https:\/\/tumasmuntane.com\/ca\/wp-json\/wp\/v2\/pages\/2799","targetHints":{"allow":["GET"]}}],"collection":[{"href":"https:\/\/tumasmuntane.com\/ca\/wp-json\/wp\/v2\/pages"}],"about":[{"href":"https:\/\/tumasmuntane.com\/ca\/wp-json\/wp\/v2\/types\/page"}],"author":[{"embeddable":true,"href":"https:\/\/tumasmuntane.com\/ca\/wp-json\/wp\/v2\/users\/81"}],"replies":[{"embeddable":true,"href":"https:\/\/tumasmuntane.com\/ca\/wp-json\/wp\/v2\/comments?post=2799"}],"version-history":[{"count":0,"href":"https:\/\/tumasmuntane.com\/ca\/wp-json\/wp\/v2\/pages\/2799\/revisions"}],"wp:attachment":[{"href":"https:\/\/tumasmuntane.com\/ca\/wp-json\/wp\/v2\/media?parent=2799"}],"curies":[{"name":"wp","href":"https:\/\/api.w.org\/{rel}","templated":true}]}}