{"id":35,"date":"2018-10-26T17:22:15","date_gmt":"2018-10-26T15:22:15","guid":{"rendered":"https:\/\/entumas.com\/?page_id=35"},"modified":"2026-04-04T10:59:51","modified_gmt":"2026-04-04T08:59:51","slug":"dissenyador-web-wordpress","status":"publish","type":"page","link":"https:\/\/tumasmuntane.com\/ca\/dissenyador-web-wordpress\/","title":{"rendered":"Dissenyador Web WordPress"},"content":{"rendered":"\n<h2 class=\"wp-block-heading has-text-align-center\">S\u00e9 per qu\u00e8 ets aqu\u00ed!<\/h2>\n\n\n\n<p class=\"has-text-align-center has-large-font-size\">Ets aqu\u00ed perqu\u00e8 est\u00e0s pensant crear, optimitzar o renovar la teva p\u00e0gina web en WordPress i no saps molt b\u00e9 com fer-ho o per on comen\u00e7ar. Fins i tot pot ser que estiguis aqu\u00ed perqu\u00e8 ja has llan\u00e7at la teva p\u00e0gina web per\u00f2 no est\u00e0s obtenint els resultats desitjats. O potser has arribat fins aqu\u00ed per altres raons m\u00e9s concretes:<\/p>\n\n\n\n<ul class=\"wp-block-list\">\n<li><strong>Vols que l&#8217;aspecte de la teva p\u00e0gina web es construeixi sobre la base de la teva marca<\/strong>, i no que la teva marca s&#8217;hagi d&#8217;adaptar al disseny d&#8217;un theme de compra, desenvolupat per un desconegut que no et coneix ni a tu , ni a la teva marca.<\/li>\n\n\n\n<li><strong>Vols una p\u00e0gina web WordPress amb opcions a mida<\/strong>,per gestionar de la manera m\u00e9s \u00e0gil i senzilla possible el teu lloc, i no vols una p\u00e0gina que no est\u00e0 pensada per cobrir les teves necessitats concretes sin\u00f3 per a les de qualsevol. I tu no ets qualsevol.<\/li>\n\n\n\n<li><strong><a href=\"https:\/\/mantenimientowpro.es\/ca\/\">Vols alg\u00fa que s&#8217;encarregui del manteniment t\u00e8cnic<\/a><\/strong> de la teva p\u00e0gina web mentre ocupes el teu temps a fer el que millor saps: vendre els teus productes o serveis per consolidar el teu negoci.<\/li>\n<\/ul>\n\n\n\n<p class=\"has-text-align-center has-large-font-size\">En resum, si vols que la teva p\u00e0gina web sigui \u00fanica i tingui opcions a la teva mida per poder construir al voltant d&#8217;aquesta plataforma digital una nova vida&#8230; Benvingut! Aquest \u00e9s el teu lloc.<\/p>\n\n\n\n<div class=\"wp-block-columns are-vertically-aligned-center mini-bio max-width-medium block-bordered-solid is-layout-flex wp-container-core-columns-is-layout-9d6595d7 wp-block-columns-is-layout-flex\">\n<div class=\"wp-block-column is-vertically-aligned-center is-layout-flow wp-block-column-is-layout-flow\" style=\"flex-basis:60%\">\n<p class=\"has-text-align-center\"><strong>S\u00f3c en Tum\u00e0s, el teu especialista en WordPress.<\/strong> Fa 22 anys que em dedico al <strong>disseny gr\u00e0fic i desenvolupament web<\/strong> i he ajudat a prop d\u2019un centenar de clients a estalviar temps i diners <strong>oferint-los serveis de <a title=\"Veure el Servei WordXPress\" href=\"https:\/\/tumasmuntane.com\/ca\/wordxpress-la-teva-web-wordpress-en-48-hores\/\">desenvolupament<\/a>, <a href=\"https:\/\/tumasmuntane.com\/ca\/auditoria-wordpress-gratuita\/\" data-type=\"page\" data-id=\"9\">optimitzaci\u00f3<\/a> i <a href=\"https:\/\/mantenimientowpro.es\/ca\/\">manteniment<\/a> per a WordPress<\/strong>.<\/p>\n<\/div>\n\n\n\n<div class=\"wp-block-column is-vertically-aligned-center is-layout-flow wp-block-column-is-layout-flow\" style=\"flex-basis:40%\"><\/div>\n<\/div>\n\n\n\n<div class=\"wp-block-group alignfull has-subtle-background-background-color has-background\"><div class=\"wp-block-group__inner-container is-layout-flow wp-block-group-is-layout-flow\">\n<h2 class=\"wp-block-heading has-text-align-center\">Deixa a les meves mans la creaci\u00f3 de la teva p\u00e0gina web!<\/h2>\n\n\n\n<p class=\"has-text-align-center has-large-font-size\">He ajudat a m\u00e9s de 80 persones i negocis oferint productes innovadors i solucions web a mida.<\/p>\n\n\n\n<div class=\"wp-block-columns scoreboards is-layout-flex wp-container-core-columns-is-layout-9d6595d7 wp-block-columns-is-layout-flex\">\n<div class=\"wp-block-column is-layout-flow wp-block-column-is-layout-flow\">\n<span>22<\/span> <span>Anys d&#8217;experi\u00e8ncia<\/span>\n<\/div>\n\n\n\n<div class=\"wp-block-column is-layout-flow wp-block-column-is-layout-flow\">\n<span>83<\/span> <span>Clients<\/span>\n<\/div>\n\n\n\n<div class=\"wp-block-column is-layout-flow wp-block-column-is-layout-flow\">\n<span>223<\/span> <span>Projectes<\/span>\n<\/div>\n\n\n\n<div class=\"wp-block-column is-layout-flow wp-block-column-is-layout-flow\">\n<span>91<\/span> <span>P\u00e0gines web<\/span>\n<\/div>\n<\/div>\n\n\n\n<p class=\"has-text-align-center\">Porto 22 anys dedicant-me al disseny gr\u00e0fic, al desenvolupament web, l&#8217;animaci\u00f3 2D i la creaci\u00f3 de videojocs. El 2008 em vaig establir com a freelance i vaig abandonar l&#8217;\u00e0mbit impr\u00e8s per focalitzar-me en el desenvolupament de p\u00e0gines web, especialitzant-me en WordPress des de 2013.<\/p>\n\n\n\n<p class=\"has-text-align-center\">Al llarg d&#8217;aquests anys, he pogut veure com els negocis dels meus clients s&#8217;han enfortit i evolucionat cap a on estaven fixats els seus objectius, i aix\u00f2, es tradueix en un grau de satisfacci\u00f3 que queda plasmat en els seus testimonis.<\/p>\n\n\n<p><div class=\"testimonial\"><div class=\"testimonial-image\"><img decoding=\"async\" width=\"160\" height=\"160\" src=\"https:\/\/tumasmuntane.com\/wp-content\/uploads\/2019\/05\/efrem-naharro.jpg\" class=\"attachment-post-thumbnail size-post-thumbnail wp-post-image\" alt=\"Efrem Naharro\" \/><\/div><blockquote><p>Teniem un projecte amb uns terminis i un volum i complexitat de feina importants. Gr\u00e0cies a la col\u00b7laboraci\u00f3 d'en Tum\u00e0s el projecte es va poder executar \u00edntegrament i amb normalitat dins dels terminis previstos, recollint totes les modificacions indicades pel client durant el seu desenvolupament. De la seva notable aportaci\u00f3 en aquest projecte destacaria el seus coneixements, la comprensi\u00f3 del que es demana i la capacitat d'executar-ho amb noves eines, assolint un aprenentatge immediat.<\/p><cite><svg  class=\"svg-icon\"><use href=\"https:\/\/tumasmuntane.com\/wp-content\/themes\/twentytwenty-child\/images\/icons.svg#testimonial\"\/><\/svg><div class=\"testimonial-author\"><p class=\"testimonial-name\">Efrem Naharro<\/p><p class=\"testimonial-position-company\"><span class=\"testimonial-position\">Gestor de projectes<\/span> \/\/ <span class=\"testimonial-company\">Feedback Marketing Re-Productions<\/span><\/p><\/div><\/cite><\/blockquote><\/div><div class=\"testimonial\"><div class=\"testimonial-image\"><img decoding=\"async\" width=\"160\" height=\"160\" src=\"https:\/\/tumasmuntane.com\/wp-content\/uploads\/2020\/09\/francesc-morin.jpg\" class=\"attachment-post-thumbnail size-post-thumbnail wp-post-image\" alt=\"Francesc Morin\" \/><\/div><blockquote><p>Comptar amb l'ajuda d'en Tum\u00e0s a l'empresa \u00e9s un valor afegit, \u00e9s d'aquelles persones que fan f\u00e0cils les coses dif\u00edcils. \u00d2ptims plantejaments amb una excel\u00b7lent execuci\u00f3 i resultats efectius.\r\nAconsellable per a tots aquells que necessiten una atenci\u00f3 personalitzada i un tracte am\u00e8.<\/p><cite><svg  class=\"svg-icon\"><use href=\"https:\/\/tumasmuntane.com\/wp-content\/themes\/twentytwenty-child\/images\/icons.svg#testimonial\"\/><\/svg><div class=\"testimonial-author\"><p class=\"testimonial-name\">Frank Morin<\/p><p class=\"testimonial-position-company\"><span class=\"testimonial-position\">Responsable de comunicaci\u00f3 i m\u00e0rqueting<\/span> \/\/ <span class=\"testimonial-company\">Fincas Easy Sitges<\/span><\/p><\/div><\/cite><\/blockquote><\/div><div class=\"testimonial\"><div class=\"testimonial-image\"><img decoding=\"async\" width=\"160\" height=\"160\" src=\"https:\/\/tumasmuntane.com\/wp-content\/uploads\/2020\/09\/ferran-tomas.jpg\" class=\"attachment-post-thumbnail size-post-thumbnail wp-post-image\" alt=\"Ferran Tom\u00e0s\" \/><\/div><blockquote><p>Tum\u00e0s \u00e9s un professional altament qualificat i va aconseguir uns resultats excel\u00b7lents per a la nostra empresa.\r\nDestaco la seva efic\u00e0cia, efici\u00e8ncia i la seva atenci\u00f3 personalitzada.<\/p><cite><svg  class=\"svg-icon\"><use href=\"https:\/\/tumasmuntane.com\/wp-content\/themes\/twentytwenty-child\/images\/icons.svg#testimonial\"\/><\/svg><div class=\"testimonial-author\"><p class=\"testimonial-name\">Ferran Tom\u00e0s i Ortiz<\/p><p class=\"testimonial-position-company\"><span class=\"testimonial-position\">Social Media Strategist<\/span> \/\/ <span class=\"testimonial-company\">Enosa<\/span><\/p><\/div><\/cite><\/blockquote><\/div><\/p>\n\n\n\n<p class=\"has-text-align-center has-primary-color has-text-color has-large-font-size\">He posat la tecnologia al servei dels meus clients creant solucions innovadores, a mida i adaptades a les seves necessitats concretes, donant-los el poder per cr\u00e9ixer.<\/p>\n<\/div><\/div>\n\n\n\n<h2 class=\"wp-block-heading has-text-align-center\">Per qu\u00e8 hauries de confiar en mi?<\/h2>\n\n\n\n<p class=\"has-text-align-center has-large-font-size\">S\u00f3c <strong>dissenyador web especialitzat en WordPress<\/strong> i he ajudat a m\u00e9s de mig centenar de clients a estalviar temps i diners <strong>oferint-los serveis de <a title=\"Veure el Servei WordXPress\" href=\"https:\/\/tumasmuntane.com\/ca\/wordxpress-la-teva-web-wordpress-en-48-hores\/\">desenvolupament<\/a>, optimitzaci\u00f3 i <a href=\"https:\/\/mantenimientowpro.es\/ca\/\">manteniment<\/a> web per a WordPress<\/strong> rendibles i efectius.<\/p>\n\n\n\n<h3 class=\"wp-block-heading has-text-align-center\">D&#8217;on he sortit?<\/h3>\n\n\n\n<p class=\"max-width-medium\">Em vaig graduar en <strong>Gr\u00e0fica Publicit\u00e0ria<\/strong> a 2004. <strong>Al mateix temps<\/strong> i de manera autodidacta, <strong>em vaig formar en animaci\u00f3 i desenvolupament web amb Flash<\/strong>. Uns anys m\u00e9s tard i al costat d&#8217;un antic company de classe, vaig muntar <strong>3media<\/strong>, una petita <i>startup<\/i> dedicada al <strong>desenvolupament de videojocs i p\u00e0gines web<\/strong>.<\/p>\n\n\n\n<p class=\"max-width-medium\">El 2008 em vaig establir com a <strong>dissenyador freelance<\/strong> especialitzat en Flash. Anys despr\u00e9s, HTML5 acabaria deixant enrere a Flash com a eina pel desenvolupament web. I aix\u00ed vaig comen\u00e7ar a treballar amb eines de <strong>desenvolupament frontend modern<\/strong> com <strong>HTML5, CSS3 i JavaScript<\/strong>.<\/p>\n\n\n\n<p class=\"max-width-medium\">El meu treball amb diferents gestors de contingut va comen\u00e7ar el 2011, quan vaig desenvolupar plantilles a mida per a Blogger, vaig crear diverses p\u00e0gines amb Joomla! i fins i tot vaig dur a terme algun que d&#8217;altre projecte en Prestashop. <strong>Tota aquesta traject\u00f2ria va passar a la hist\u00f2ria quan vaig con\u00e8ixer WordPress<\/strong> un parell d&#8217;anys m\u00e9s tard.<\/p>\n\n\n\n<p class=\"max-width-medium\">Avui en dia, em dedico a ajudar a professionals i empreses oferint-los serveis de <a href=\"https:\/\/mantenimientowpro.es\/ca\/\">manteniment<\/a>, <a title=\"Veure el Servei WordXPress\" href=\"https:\/\/tumasmuntane.com\/ca\/wordxpress-la-teva-web-wordpress-en-48-hores\/\">desenvolupament de llocs web<\/a> i creaci\u00f3 de themes a mida \u00edntegrament en WordPress.<\/p>\n\n\n\n<div class=\"wp-block-group alignfull has-primary-background-color has-background\"><div class=\"wp-block-group__inner-container is-layout-flow wp-block-group-is-layout-flow\">\n<h2 class=\"wp-block-heading has-text-align-center\">Qu\u00e8 et sembla si xerrem?<\/h2>\n\n\n\n<p class=\"has-text-align-center has-large-font-size\">Pots reunir-te amb mi per a analitzar la situaci\u00f3 actual del teu projecte i oferir-te les millors opcions. El meu prop\u00f2sit \u00e9s ajudar els meus clients a aconseguir els seus objectius professionals.<\/p>\n\n\n\n<p class=\"has-text-align-center\">Si creus que puc ser la persona indicada, el primer que hem de fer \u00e9s un diagn\u00f2stic previ del teu projecte, abans de comen\u00e7ar a oferir-te solucions.<\/p>\n\n\n\n<p class=\"has-text-align-center\">Per a posar-nos a fer-ho, necessites omplir el formulari de reuni\u00f3.<\/p>\n\n\n\n<div class=\"wp-block-buttons is-horizontal is-content-justification-center is-layout-flex wp-container-core-buttons-is-layout-499968f5 wp-block-buttons-is-layout-flex\">\n<div class=\"wp-block-button is-style-outline js-modal-open #modal# is-style-outline--2\"><a class=\"wp-block-button__link wp-element-button\">Sol\u00b7licita la teva Reuni\u00f3 ara!<\/a><\/div>\n<\/div>\n<\/div><\/div>\n","protected":false},"excerpt":{"rendered":"<p>S\u00e9 per qu\u00e8 ets aqu\u00ed! Ets aqu\u00ed perqu\u00e8 est\u00e0s pensant crear, optimitzar o renovar la teva p\u00e0gina web en WordPress i no saps molt b\u00e9 com fer-ho o per on comen\u00e7ar. Fins i tot pot ser que estiguis aqu\u00ed perqu\u00e8 ja has llan\u00e7at la teva p\u00e0gina web per\u00f2 no est\u00e0s obtenint els resultats desitjats. O [&hellip;]<\/p>\n","protected":false},"author":81,"featured_media":421,"parent":0,"menu_order":30,"comment_status":"closed","ping_status":"closed","template":"templates\/template-full-width.php","meta":{"_acf_changed":false,"_seopress_robots_primary_cat":"","_seopress_titles_title":"\u2764\ufe0f Dissenyador Web WordPress","_seopress_titles_desc":"Vols que la teva p\u00e0gina web WordPress sigui \u00fanica i tingui opcions a la teva mida per poder construir al seu voltant una nova vida?","_seopress_robots_index":"","footnotes":""},"class_list":["post-35","page","type-page","status-publish","has-post-thumbnail","hentry"],"acf":[],"_links":{"self":[{"href":"https:\/\/tumasmuntane.com\/ca\/wp-json\/wp\/v2\/pages\/35","targetHints":{"allow":["GET"]}}],"collection":[{"href":"https:\/\/tumasmuntane.com\/ca\/wp-json\/wp\/v2\/pages"}],"about":[{"href":"https:\/\/tumasmuntane.com\/ca\/wp-json\/wp\/v2\/types\/page"}],"author":[{"embeddable":true,"href":"https:\/\/tumasmuntane.com\/ca\/wp-json\/wp\/v2\/users\/81"}],"replies":[{"embeddable":true,"href":"https:\/\/tumasmuntane.com\/ca\/wp-json\/wp\/v2\/comments?post=35"}],"version-history":[{"count":1,"href":"https:\/\/tumasmuntane.com\/ca\/wp-json\/wp\/v2\/pages\/35\/revisions"}],"predecessor-version":[{"id":3139,"href":"https:\/\/tumasmuntane.com\/ca\/wp-json\/wp\/v2\/pages\/35\/revisions\/3139"}],"wp:featuredmedia":[{"embeddable":true,"href":"https:\/\/tumasmuntane.com\/ca\/wp-json\/wp\/v2\/media\/421"}],"wp:attachment":[{"href":"https:\/\/tumasmuntane.com\/ca\/wp-json\/wp\/v2\/media?parent=35"}],"curies":[{"name":"wp","href":"https:\/\/api.w.org\/{rel}","templated":true}]}}