{"id":869,"date":"2021-04-09T11:11:32","date_gmt":"2021-04-09T09:11:32","guid":{"rendered":"https:\/\/tumasmuntane.com\/?page_id=869"},"modified":"2022-07-13T12:57:33","modified_gmt":"2022-07-13T10:57:33","slug":"top-seo-wordpress","status":"publish","type":"page","link":"https:\/\/tumasmuntane.com\/ca\/top-seo-wordpress\/","title":{"rendered":"Top SEO WordPress"},"content":{"rendered":"\n<ul class=\"max-width-medium list-icons list-icons-arrow wp-block-list\"><li>Necessites aconseguir m\u00e9s tr\u00e0nsit a la teva web per arribar a m\u00e9s possibles clients?<\/li><li>Vols aprofitar millor el potencial SEO del teu WordPress?<\/li><li>Saps que la qualitat dels teus continguts influeixen molt en el teu posicionament?<\/li><\/ul>\n\n\n\n<h2 class=\"has-text-align-center no-header wp-block-heading\">Optimitza la teva web per dinamitzar la seva resposta amb els motors de cerca per 97\u20ac.<\/h2>\n\n\n\n<p class=\"has-text-align-center\">Et proporciono una eina molt efectiva per ajudar-te a configurar les p\u00e0gines de resultats de cerca a Google, aix\u00ed com per millorar la teva SEO Onpage i SEO de continguts publicaci\u00f3 despr\u00e9s publicaci\u00f3.<\/p>\n\n\n\n<div class=\"wp-block-group alignfull has-subtle-background-background-color has-background\" id=\"que-incluye\"><div class=\"wp-block-group__inner-container is-layout-flow wp-block-group-is-layout-flow\">\n<h2 class=\"has-text-align-center max-width-medium wp-block-heading\">El que et portes amb Top SEO WordPress<\/h2>\n\n\n\n<ul class=\"max-width-medium list-icons list-icons-big list-icons-tick wp-block-list\"><li>Optimitzaci\u00f3 de les caracter\u00edstiques de WordPress enfocades al SEO.<\/li><li>Instal\u00b7laci\u00f3 i configuraci\u00f3 d&#8217;un dels connectors m\u00e9s efectius per SEO.<\/li><li>Una eina per personalitzar SERPs.<\/li><li>Un control millorat del SEO Onpage.<\/li><\/ul>\n\n\n\n<div class=\"wp-block-buttons max-width-medium is-horizontal is-content-justification-center is-layout-flex wp-container-core-buttons-is-layout-499968f5 wp-block-buttons-is-layout-flex\">\n<div class=\"wp-block-button is-style-outline js-modal-open #modal# is-style-outline--2\"><a class=\"wp-block-button__link has-primary-color has-text-color\">Posiciona el teu WordPress per 97 \u20ac<\/a><\/div>\n<\/div>\n\n\n\n<p class=\"has-text-align-center max-width-medium margin-top\">Gaudeix d&#8217;1 mes de subscripci\u00f3 gratu\u00efta (no acumulable) al Servei de Manteniment WordPress al contractar aquest servei.<\/p>\n<\/div><\/div>\n\n\n\n<p class=\"has-text-align-center has-large-font-size\">Google penalitza el SEO les p\u00e0gines web amb velocitat de c\u00e0rrega lenta. Si necessites resoldre un problema de velocitat de c\u00e0rrega, et recomano contractar el meu servei <a href=\"https:\/\/tumasmuntane.com\/ca\/top-velocitat-web\/\">Top Velocitat Web<\/a>.<\/p>\n\n\n\n<p class=\"has-text-align-center has-large-font-size\">Saps que la certificaci\u00f3 SSL t\u00e9 un impacte positiu sobre el posicionament de la teva web? Si vols obtenir el certificat SSL per al teu Wordpres sense necessitat d&#8217;instal\u00b7lar un altre plugin, et recomano contractar el meu servei <a href=\"https:\/\/tumasmuntane.com\/ca\/top-certificat-ssl\/\">Top SSL WordPress<\/a>.<\/p>\n","protected":false},"excerpt":{"rendered":"<p>Necessites aconseguir m\u00e9s tr\u00e0nsit a la teva web per arribar a m\u00e9s possibles clients? Vols aprofitar millor el potencial SEO del teu WordPress? Saps que la qualitat dels teus continguts influeixen molt en el teu posicionament? Optimitza la teva web per dinamitzar la seva resposta amb els motors de cerca per 97\u20ac. Et proporciono una [&hellip;]<\/p>\n","protected":false},"author":81,"featured_media":0,"parent":0,"menu_order":23,"comment_status":"closed","ping_status":"closed","template":"templates\/template-full-width.php","meta":{"_acf_changed":false,"_seopress_robots_primary_cat":"","_seopress_titles_title":"\u25b7 Top SEO WordPress","_seopress_titles_desc":"Optimitza la teva web per dinamitzar la seva resposta amb els motors de cerca publicaci\u00f3 rere publicaci\u00f3","_seopress_robots_index":"","footnotes":""},"class_list":["post-869","page","type-page","status-publish","hentry"],"acf":[],"_links":{"self":[{"href":"https:\/\/tumasmuntane.com\/ca\/wp-json\/wp\/v2\/pages\/869","targetHints":{"allow":["GET"]}}],"collection":[{"href":"https:\/\/tumasmuntane.com\/ca\/wp-json\/wp\/v2\/pages"}],"about":[{"href":"https:\/\/tumasmuntane.com\/ca\/wp-json\/wp\/v2\/types\/page"}],"author":[{"embeddable":true,"href":"https:\/\/tumasmuntane.com\/ca\/wp-json\/wp\/v2\/users\/81"}],"replies":[{"embeddable":true,"href":"https:\/\/tumasmuntane.com\/ca\/wp-json\/wp\/v2\/comments?post=869"}],"version-history":[{"count":0,"href":"https:\/\/tumasmuntane.com\/ca\/wp-json\/wp\/v2\/pages\/869\/revisions"}],"wp:attachment":[{"href":"https:\/\/tumasmuntane.com\/ca\/wp-json\/wp\/v2\/media?parent=869"}],"curies":[{"name":"wp","href":"https:\/\/api.w.org\/{rel}","templated":true}]}}