{"id":873,"date":"2021-04-10T11:11:25","date_gmt":"2021-04-10T09:11:25","guid":{"rendered":"https:\/\/tumasmuntane.com\/?page_id=873"},"modified":"2022-07-13T12:57:37","modified_gmt":"2022-07-13T10:57:37","slug":"top-legal-wordpress","status":"publish","type":"page","link":"https:\/\/tumasmuntane.com\/ca\/top-legal-wordpress\/","title":{"rendered":"Top Legal WordPress"},"content":{"rendered":"\n<ul class=\"max-width-medium list-icons list-icons-arrow wp-block-list\"><li>Tens dubtes sobre com complir la llei de protecci\u00f3 de dades a la teva web?<\/li><li>Saps quins plugins WordPress insereixen galetes als teus visitants?<\/li><li>Vols resoldre els temes legals relatius a la teva p\u00e0gina web?<\/li><\/ul>\n\n\n\n<h2 class=\"has-text-align-center no-header wp-block-heading\">Compleix amb el Reglament General de Protecci\u00f3 de Dades per 235\u20ac.<\/h2>\n\n\n\n<p class=\"has-text-align-center\">Insereixo en els teus formularis les caselles d&#8217;acceptaci\u00f3 de pol\u00edtica de privacitat i primera capa d&#8217;informaci\u00f3. Afegeixo els textos legals de la pol\u00edtica de privacitat que em proporcions. I t&#8217;incloc el millor plugin WordPress per a la gesti\u00f3 de cookies.<\/p>\n\n\n\n<div class=\"wp-block-group alignfull has-subtle-background-background-color has-background\" id=\"que-inclou\"><div class=\"wp-block-group__inner-container is-layout-flow wp-block-group-is-layout-flow\">\n<h2 class=\"has-text-align-center max-width-medium wp-block-heading\">El que et portes amb Top Legal WordPress<\/h2>\n\n\n\n<ul class=\"max-width-medium list-icons list-icons-big list-icons-tick wp-block-list\"><li>La teva p\u00e0gina perfectament legal, complint amb el RGPD.<\/li><li>Formularis actualitzats amb les caselles legals i primera capa.<\/li><li>Implementaci\u00f3 dels textos de la pol\u00edtica de privacitat.<\/li><li>Revisi\u00f3 de les cookies que s&#8217;insereixen els connectors de la teva WordPress.<\/li><li>Instal\u00b7laci\u00f3 i configuraci\u00f3 d&#8217;un connector per a la gesti\u00f3 de cookies excel\u00b7lent.<\/li><\/ul>\n\n\n\n<div class=\"wp-block-buttons max-width-medium is-horizontal is-content-justification-center is-layout-flex wp-container-core-buttons-is-layout-499968f5 wp-block-buttons-is-layout-flex\">\n<div class=\"wp-block-button is-style-outline js-modal-open #modal# is-style-outline--2\"><a class=\"wp-block-button__link has-primary-color has-text-color\">Legalitza el teu WordPress per 235\u20ac<\/a><\/div>\n<\/div>\n\n\n\n<p class=\"has-text-align-center max-width-medium margin-top\">Gaudeix d&#8217;1 mes de subscripci\u00f3 gratu\u00efta (no acumulable) al Servei de Manteniment WordPress al contractar aquest servei.<\/p>\n<\/div><\/div>\n","protected":false},"excerpt":{"rendered":"<p>Tens dubtes sobre com complir la llei de protecci\u00f3 de dades a la teva web? Saps quins plugins WordPress insereixen galetes als teus visitants? Vols resoldre els temes legals relatius a la teva p\u00e0gina web? Compleix amb el Reglament General de Protecci\u00f3 de Dades per 235\u20ac. Insereixo en els teus formularis les caselles d&#8217;acceptaci\u00f3 de [&hellip;]<\/p>\n","protected":false},"author":81,"featured_media":0,"parent":0,"menu_order":24,"comment_status":"closed","ping_status":"closed","template":"templates\/template-full-width.php","meta":{"_acf_changed":false,"_seopress_robots_primary_cat":"","_seopress_titles_title":"\u25b7 Top Legal WordPress","_seopress_titles_desc":"Compleix amb el RGPD, inclou la millor eina per a la gesti\u00f3 de cookies, aix\u00ed com l'aplicaci\u00f3 dels textos legals","_seopress_robots_index":"","footnotes":""},"class_list":["post-873","page","type-page","status-publish","hentry"],"acf":[],"_links":{"self":[{"href":"https:\/\/tumasmuntane.com\/ca\/wp-json\/wp\/v2\/pages\/873","targetHints":{"allow":["GET"]}}],"collection":[{"href":"https:\/\/tumasmuntane.com\/ca\/wp-json\/wp\/v2\/pages"}],"about":[{"href":"https:\/\/tumasmuntane.com\/ca\/wp-json\/wp\/v2\/types\/page"}],"author":[{"embeddable":true,"href":"https:\/\/tumasmuntane.com\/ca\/wp-json\/wp\/v2\/users\/81"}],"replies":[{"embeddable":true,"href":"https:\/\/tumasmuntane.com\/ca\/wp-json\/wp\/v2\/comments?post=873"}],"version-history":[{"count":0,"href":"https:\/\/tumasmuntane.com\/ca\/wp-json\/wp\/v2\/pages\/873\/revisions"}],"wp:attachment":[{"href":"https:\/\/tumasmuntane.com\/ca\/wp-json\/wp\/v2\/media?parent=873"}],"curies":[{"name":"wp","href":"https:\/\/api.w.org\/{rel}","templated":true}]}}