{"id":881,"date":"2021-04-11T11:11:16","date_gmt":"2021-04-11T09:11:16","guid":{"rendered":"https:\/\/tumasmuntane.com\/?page_id=881"},"modified":"2022-07-13T12:58:34","modified_gmt":"2022-07-13T10:58:34","slug":"top-wordpress-multiidioma","status":"publish","type":"page","link":"https:\/\/tumasmuntane.com\/ca\/top-wordpress-multiidioma\/","title":{"rendered":"Top WordPress Multiidioma"},"content":{"rendered":"\n<ul class=\"max-width-medium list-icons list-icons-arrow wp-block-list\"><li>Has pensat que puguin estar buscant el teu servei o producte en un altre idioma?<\/li><li>\u00bfL&#8217;idioma de la teva web et limita per arribar al p\u00fablic estranger o de llengua cooficial?<\/li><li>Vols arribar a m\u00e9s possibles clients en un tancar i obrir d&#8217;ulls?<\/li><\/ul>\n\n\n\n<h2 class=\"has-text-align-center no-header wp-block-heading\">Augmenta el p\u00fablic del teu WordPress amb una llengua extra configurat i funcionant per 175\u20ac, i per 87\u20ac cada idioma addicional.<\/h2>\n\n\n\n<p class=\"has-text-align-center\">Inclou WPML, el connector per convertir el teu WordPress a multiidioma i la configuraci\u00f3 de la segona llengua, amb duplicaci\u00f3 de continguts per mantenir la mateixa estructura. No inclou la traducci\u00f3 dels textos.<\/p>\n\n\n\n<div class=\"wp-block-group alignfull has-subtle-background-background-color has-background\" id=\"que-inclou\"><div class=\"wp-block-group__inner-container is-layout-flow wp-block-group-is-layout-flow\">\n<h2 class=\"has-text-align-center max-width-medium wp-block-heading\">El que et portes amb Top WordPress Multiidioma<\/h2>\n\n\n\n<ul class=\"max-width-medium list-icons list-icons-big list-icons-tick wp-block-list\"><li>El teu WordPress convertit en multiidioma, configurat i funcionant.<\/li><li>Instal\u00b7laci\u00f3 i configuraci\u00f3 de connector multiidioma.<\/li><li>Configuraci\u00f3 del segon idioma.<\/li><li>Duplicaci\u00f3 de continguts per mantenir l&#8217;estructura.<\/li><\/ul>\n\n\n\n<div class=\"wp-block-buttons max-width-medium is-horizontal is-content-justification-center is-layout-flex wp-container-core-buttons-is-layout-499968f5 wp-block-buttons-is-layout-flex\">\n<div class=\"wp-block-button is-style-outline js-modal-open #modal# is-style-outline--2\"><a class=\"wp-block-button__link has-primary-color has-text-color\">Afegeix un idioma al teu WordPress per 175\u20ac<\/a><\/div>\n<\/div>\n\n\n\n<p class=\"has-text-align-center max-width-medium margin-top\">Gaudeix d&#8217;1 mes de subscripci\u00f3 gratu\u00efta (no acumulable) al Servei de Manteniment WordPress al contractar aquest servei.<\/p>\n<\/div><\/div>\n\n\n\n<p class=\"has-text-align-center has-large-font-size\">No tradueixo els textos, per\u00f2 si ja els tens tradu\u00efts i necessites que els pugi a la web et recomano contractar els meus serveis per hores.<\/p>\n","protected":false},"excerpt":{"rendered":"<p>Has pensat que puguin estar buscant el teu servei o producte en un altre idioma? \u00bfL&#8217;idioma de la teva web et limita per arribar al p\u00fablic estranger o de llengua cooficial? Vols arribar a m\u00e9s possibles clients en un tancar i obrir d&#8217;ulls? Augmenta el p\u00fablic del teu WordPress amb una llengua extra configurat i [&hellip;]<\/p>\n","protected":false},"author":81,"featured_media":0,"parent":0,"menu_order":26,"comment_status":"closed","ping_status":"closed","template":"templates\/template-full-width.php","meta":{"_acf_changed":false,"_seopress_robots_primary_cat":"","_seopress_titles_title":"\u25b7 Top WordPress Multiidioma","_seopress_titles_desc":"Multiplica el p\u00fablic objectiu del teu WordPress afegint idiomes extra al teu web WordPress","_seopress_robots_index":"","footnotes":""},"class_list":["post-881","page","type-page","status-publish","hentry"],"acf":[],"_links":{"self":[{"href":"https:\/\/tumasmuntane.com\/ca\/wp-json\/wp\/v2\/pages\/881","targetHints":{"allow":["GET"]}}],"collection":[{"href":"https:\/\/tumasmuntane.com\/ca\/wp-json\/wp\/v2\/pages"}],"about":[{"href":"https:\/\/tumasmuntane.com\/ca\/wp-json\/wp\/v2\/types\/page"}],"author":[{"embeddable":true,"href":"https:\/\/tumasmuntane.com\/ca\/wp-json\/wp\/v2\/users\/81"}],"replies":[{"embeddable":true,"href":"https:\/\/tumasmuntane.com\/ca\/wp-json\/wp\/v2\/comments?post=881"}],"version-history":[{"count":0,"href":"https:\/\/tumasmuntane.com\/ca\/wp-json\/wp\/v2\/pages\/881\/revisions"}],"wp:attachment":[{"href":"https:\/\/tumasmuntane.com\/ca\/wp-json\/wp\/v2\/media?parent=881"}],"curies":[{"name":"wp","href":"https:\/\/api.w.org\/{rel}","templated":true}]}}